{"id":27,"date":"2025-08-10T13:27:10","date_gmt":"2025-08-10T13:27:10","guid":{"rendered":"http:\/\/lamangotiere.fr\/?page_id=27"},"modified":"2025-08-11T10:19:45","modified_gmt":"2025-08-11T10:19:45","slug":"home","status":"publish","type":"page","link":"https:\/\/lamangotiere.fr\/","title":{"rendered":"La maison"},"content":{"rendered":"\n<p class=\"has-small-font-size\">Cette magnifique maison traverse le temps. Entre la maison bourgeoise et le corps de ferme, elle allie l&rsquo;\u00e9l\u00e9gance du XVIII\u00e8me si\u00e8cle et la fonctionnalit\u00e9 d&rsquo;une maison familiale. Situ\u00e9e en pleine nature, vous n&rsquo;aurez aucun vis \u00e0 vis et pourrez profiter du calme et du chant des oiseaux tout en b\u00e9n\u00e9ficiant de tout le confort moderne.<br>Situ\u00e9e \u00e0 30 min de Poitiers (1h20 de Paris en TGV), entre Lusignan et Vivonne, vous trouverez \u00e9galement beaucoup d&rsquo;attraits touristiques.<\/p>\n\n\n\n<h2 class=\"wp-block-heading has-medium-font-size\">Le logement<\/h2>\n\n\n\n<p class=\"has-small-font-size\">C&rsquo;est une grande maison de 450 m2 sur deux niveaux.<br>L&rsquo;ensemble des chambres et les 3 salles de bain et 2 wc se trouvent \u00e0 l&rsquo;\u00e9tage.<br>Au rez de chauss\u00e9e, vous trouverez une grande cuisine \/ salle \u00e0 manger , une arri\u00e8re cuisine, un salon, une grande salle de projection\/biblioth\u00e8que ainsi que 2 wc.<\/p>\n\n\n\n<p class=\"has-small-font-size\">Le wifi est disponible.<\/p>\n\n\n\n<h2 class=\"wp-block-heading has-medium-font-size\">Acc\u00e8s des voyageurs<\/h2>\n\n\n\n<p class=\"has-small-font-size\">Vous pouvez profiter de l&rsquo;ensemble du terrain sauf certaines d\u00e9pendances en cours de r\u00e9habilitation.<\/p>\n\n\n\n<p class=\"has-small-font-size\">Nous avons un tr\u00e8s joli potager bio (\u00e0 la belle saison) que vous serez en droit de pr\u00e9lever si vous le souhaitez (raisonnablement !).<\/p>\n\n\n\n<p class=\"has-small-font-size\">Nos 5 poules seront heureuses d&rsquo;avoir le reste de vos repas en \u00e9change de leurs bons oeufs.<\/p>\n\n\n\n<p class=\"has-small-font-size\">A noter qu&rsquo;il y a une marre sur le terrain et que celle-ci n&rsquo;est pas cl\u00f4tur\u00e9e.<\/p>\n\n\n\n<h2 class=\"wp-block-heading has-medium-font-size\">Autres remarques<\/h2>\n\n\n\n<p class=\"has-small-font-size\">Cette maison est tr\u00e8s agr\u00e9able et aime qu&rsquo;il y ait de la vie.<br>Elle est parfaite pour les grandes r\u00e9unions de famille ou d&rsquo;amis.<br>N\u00e9anmoins, une location dans le but unique est de faire la f\u00eate n&rsquo;est pas souhait\u00e9e et peu appropri\u00e9e.<\/p>\n\n\n\n<p class=\"has-small-font-size\">Nous demanderons aux locataires de laisser la maison dans le m\u00eame \u00e9tat qu&rsquo;ils l&rsquo;ont trouv\u00e9e.<\/p>\n","protected":false},"excerpt":{"rendered":"<p>Cette magnifique maison traverse le temps. Entre la maison bourgeoise et le corps de ferme, elle allie l&rsquo;\u00e9l\u00e9gance du XVIII\u00e8me si\u00e8cle et la fonctionnalit\u00e9 d&rsquo;une maison familiale. Situ\u00e9e en pleine nature, vous n&rsquo;aurez aucun vis \u00e0 vis et pourrez profiter du calme et du chant des oiseaux tout en b\u00e9n\u00e9ficiant de tout le confort moderne.Situ\u00e9e &hellip; <\/p>\n<p class=\"link-more\"><a href=\"https:\/\/lamangotiere.fr\/\" class=\"more-link\">Continuer la lecture<span class=\"screen-reader-text\"> de &laquo;&nbsp;La maison&nbsp;&raquo;<\/span><\/a><\/p>\n","protected":false},"author":1,"featured_media":45,"parent":0,"menu_order":0,"comment_status":"closed","ping_status":"closed","template":"","meta":{"footnotes":""},"class_list":["post-27","page","type-page","status-publish","has-post-thumbnail","hentry"],"_links":{"self":[{"href":"https:\/\/lamangotiere.fr\/index.php?rest_route=\/wp\/v2\/pages\/27","targetHints":{"allow":["GET"]}}],"collection":[{"href":"https:\/\/lamangotiere.fr\/index.php?rest_route=\/wp\/v2\/pages"}],"about":[{"href":"https:\/\/lamangotiere.fr\/index.php?rest_route=\/wp\/v2\/types\/page"}],"author":[{"embeddable":true,"href":"https:\/\/lamangotiere.fr\/index.php?rest_route=\/wp\/v2\/users\/1"}],"replies":[{"embeddable":true,"href":"https:\/\/lamangotiere.fr\/index.php?rest_route=%2Fwp%2Fv2%2Fcomments&post=27"}],"version-history":[{"count":5,"href":"https:\/\/lamangotiere.fr\/index.php?rest_route=\/wp\/v2\/pages\/27\/revisions"}],"predecessor-version":[{"id":106,"href":"https:\/\/lamangotiere.fr\/index.php?rest_route=\/wp\/v2\/pages\/27\/revisions\/106"}],"wp:featuredmedia":[{"embeddable":true,"href":"https:\/\/lamangotiere.fr\/index.php?rest_route=\/wp\/v2\/media\/45"}],"wp:attachment":[{"href":"https:\/\/lamangotiere.fr\/index.php?rest_route=%2Fwp%2Fv2%2Fmedia&parent=27"}],"curies":[{"name":"wp","href":"https:\/\/api.w.org\/{rel}","templated":true}]}}