{"id":60,"date":"2025-08-10T13:49:31","date_gmt":"2025-08-10T13:49:31","guid":{"rendered":"http:\/\/lamangotiere.fr\/?page_id=60"},"modified":"2025-09-07T12:12:43","modified_gmt":"2025-09-07T12:12:43","slug":"tarifs","status":"publish","type":"page","link":"https:\/\/lamangotiere.fr\/?page_id=60","title":{"rendered":"Tarifs"},"content":{"rendered":"\n<h2 class=\"wp-block-heading\"><strong>Composition des chambres<\/strong><\/h2>\n\n\n\n<figure class=\"wp-block-table is-style-stripes has-small-font-size\"><table class=\"has-fixed-layout\"><thead><tr><th>Type de chambre<\/th><th>Capacit\u00e9<\/th><\/tr><\/thead><tbody><tr><td>Suite familiale<\/td><td>6<\/td><\/tr><tr><td>Chambre 1<\/td><td>3<\/td><\/tr><tr><td>Chambre 2<\/td><td>4<\/td><\/tr><tr><td>Chambre 3<\/td><td>3<\/td><\/tr><tr><td>Suite parentale<\/td><td>4<\/td><\/tr><\/tbody><tfoot><tr><td>Total<\/td><td>20<\/td><\/tr><\/tfoot><\/table><\/figure>\n\n\n\n<h2 class=\"wp-block-heading\"><strong>Tarifs par p\u00e9riode<\/strong><\/h2>\n\n\n\n<div class=\"wp-block-group has-background\" style=\"background-color:#f0f0f0;line-height:5.5\"><div class=\"wp-block-group__inner-container is-layout-constrained wp-block-group-is-layout-constrained\">\n<h5 class=\"wp-block-heading has-text-align-center\" style=\"font-size:15px\">700\u20ac \/nuit<\/h5>\n<\/div><\/div>\n\n\n\n<figure class=\"wp-block-table is-style-stripes has-small-font-size\"><table class=\"has-fixed-layout\"><tbody><tr><td class=\"has-text-align-center\" data-align=\"center\"><\/td><td class=\"has-text-align-left\" data-align=\"left\">Standard<\/td><td class=\"has-text-align-left\" data-align=\"left\">Week-end avec jour f\u00e9ri\u00e9<\/td><\/tr><tr><td class=\"has-text-align-center\" data-align=\"center\">Nombre de jours minimums<\/td><td class=\"has-text-align-left\" data-align=\"left\">2 nuits<\/td><td class=\"has-text-align-left\" data-align=\"left\">3 nuits<\/td><\/tr><\/tbody><\/table><\/figure>\n\n\n\n<figure class=\"wp-block-table is-style-stripes has-small-font-size wp-container-content-9cfa9a5a\"><table class=\"has-fixed-layout\"><tbody><tr><td><\/td><td>R\u00e9servation courte<\/td><td>Semaine<\/td><\/tr><tr><td>M\u00e9nage<\/td><td>150\u20ac<\/td><td>200\u20ac<\/td><\/tr><\/tbody><\/table><figcaption class=\"wp-element-caption\">Fourniture de draps : simple 8 \u20ac double 13 \u20ac<\/figcaption><\/figure>\n\n\n\n<p class=\"has-small-font-size\">Faites-nous part de vos besoins et demandes particuli\u00e8res, nous ferons notre possible pour y r\u00e9pondre (lit b\u00e9b\u00e9, couchages suppl\u00e9mentaires, photos et\/ou descriptions suppl\u00e9mentaires\u2026)<br><\/p>\n","protected":false},"excerpt":{"rendered":"<p>Composition des chambres Type de chambre Capacit\u00e9 Suite familiale 6 Chambre 1 3 Chambre 2 4 Chambre 3 3 Suite parentale 4 Total 20 Tarifs par p\u00e9riode 700\u20ac \/nuit Standard Week-end avec jour f\u00e9ri\u00e9 Nombre de jours minimums 2 nuits 3 nuits R\u00e9servation courte Semaine M\u00e9nage 150\u20ac 200\u20ac Fourniture de draps : simple 8 \u20ac &hellip; <\/p>\n<p class=\"link-more\"><a href=\"https:\/\/lamangotiere.fr\/?page_id=60\" class=\"more-link\">Continuer la lecture<span class=\"screen-reader-text\"> de &laquo;&nbsp;Tarifs&nbsp;&raquo;<\/span><\/a><\/p>\n","protected":false},"author":1,"featured_media":0,"parent":0,"menu_order":0,"comment_status":"closed","ping_status":"closed","template":"","meta":{"footnotes":""},"class_list":["post-60","page","type-page","status-publish","hentry"],"_links":{"self":[{"href":"https:\/\/lamangotiere.fr\/index.php?rest_route=\/wp\/v2\/pages\/60","targetHints":{"allow":["GET"]}}],"collection":[{"href":"https:\/\/lamangotiere.fr\/index.php?rest_route=\/wp\/v2\/pages"}],"about":[{"href":"https:\/\/lamangotiere.fr\/index.php?rest_route=\/wp\/v2\/types\/page"}],"author":[{"embeddable":true,"href":"https:\/\/lamangotiere.fr\/index.php?rest_route=\/wp\/v2\/users\/1"}],"replies":[{"embeddable":true,"href":"https:\/\/lamangotiere.fr\/index.php?rest_route=%2Fwp%2Fv2%2Fcomments&post=60"}],"version-history":[{"count":26,"href":"https:\/\/lamangotiere.fr\/index.php?rest_route=\/wp\/v2\/pages\/60\/revisions"}],"predecessor-version":[{"id":209,"href":"https:\/\/lamangotiere.fr\/index.php?rest_route=\/wp\/v2\/pages\/60\/revisions\/209"}],"wp:attachment":[{"href":"https:\/\/lamangotiere.fr\/index.php?rest_route=%2Fwp%2Fv2%2Fmedia&parent=60"}],"curies":[{"name":"wp","href":"https:\/\/api.w.org\/{rel}","templated":true}]}}